{"id":905,"date":"2025-10-21T21:58:38","date_gmt":"2025-10-21T20:58:38","guid":{"rendered":"https:\/\/la-colline-studio.de\/?page_id=905"},"modified":"2025-11-15T22:42:27","modified_gmt":"2025-11-15T21:42:27","slug":"home-2","status":"publish","type":"page","link":"https:\/\/la-colline-studio.de\/en\/","title":{"rendered":"Home"},"content":{"rendered":"<div id=\"wp-block-themeisle-blocks-advanced-columns-55b78b58\" class=\"wp-block-themeisle-blocks-advanced-columns alignfull has-3-columns has-desktop-equal-layout has-tablet-equal-layout has-mobile-collapsedRows-layout has-vertical-center ticss-c00aadba\"><div class=\"wp-block-themeisle-blocks-advanced-columns-overlay\"><\/div><div class=\"innerblocks-wrap\">\n<div id=\"wp-block-themeisle-blocks-advanced-column-d16eef57\" class=\"wp-block-themeisle-blocks-advanced-column\">\n<figure class=\"wp-block-image aligncenter size-full is-resized\"><img loading=\"lazy\" decoding=\"async\" width=\"4000\" height=\"4000\" src=\"https:\/\/la-colline-studio.de\/wp-content\/uploads\/2022\/10\/Honeybear_Playing_Piano.png\" alt=\"\" class=\"wp-image-133\" style=\"object-fit:cover;width:350px;height:350px\" srcset=\"https:\/\/la-colline-studio.de\/wp-content\/uploads\/2022\/10\/Honeybear_Playing_Piano.png 4000w, https:\/\/la-colline-studio.de\/wp-content\/uploads\/2022\/10\/Honeybear_Playing_Piano-300x300.png 300w, https:\/\/la-colline-studio.de\/wp-content\/uploads\/2022\/10\/Honeybear_Playing_Piano-1024x1024.png 1024w, https:\/\/la-colline-studio.de\/wp-content\/uploads\/2022\/10\/Honeybear_Playing_Piano-150x150.png 150w, https:\/\/la-colline-studio.de\/wp-content\/uploads\/2022\/10\/Honeybear_Playing_Piano-768x768.png 768w, https:\/\/la-colline-studio.de\/wp-content\/uploads\/2022\/10\/Honeybear_Playing_Piano-1536x1536.png 1536w, https:\/\/la-colline-studio.de\/wp-content\/uploads\/2022\/10\/Honeybear_Playing_Piano-2048x2048.png 2048w, https:\/\/la-colline-studio.de\/wp-content\/uploads\/2022\/10\/Honeybear_Playing_Piano-600x600.png 600w, https:\/\/la-colline-studio.de\/wp-content\/uploads\/2022\/10\/Honeybear_Playing_Piano-100x100.png 100w\" sizes=\"auto, (max-width: 4000px) 100vw, 4000px\" \/><\/figure>\n\n\n\n<h3 id=\"wp-block-themeisle-blocks-advanced-heading-af4a6933\" class=\"wp-block-themeisle-blocks-advanced-heading wp-block-themeisle-blocks-advanced-heading-af4a6933\">Illustration<\/h3>\n\n\n\n<p class=\"has-text-align-center\">Individuelle Illustrationen, die Geschichten erz\u00e4hlen \u2013 inspiriert von Natur, Alltag und kleinen Gl\u00fccksmomenten.<br>Ob f\u00fcr Editorials, Produkte oder Markenauftritte: Meine Arbeiten verbinden Emotion und \u00c4sthetik, damit deine Botschaft sichtbar wird.<\/p>\n\n\n\n<p class=\"has-text-align-center\"><\/p>\n\n\n\n<div class=\"wp-block-buttons is-content-justification-center is-layout-flex wp-container-core-buttons-is-layout-a89b3969 wp-block-buttons-is-layout-flex\">\n<div class=\"wp-block-button is-style-primary\"><a class=\"wp-block-button__link wp-element-button\">Portfolio Illustration<\/a><\/div>\n<\/div>\n<\/div>\n\n\n\n<div id=\"wp-block-themeisle-blocks-advanced-column-bd1b0b6b\" class=\"wp-block-themeisle-blocks-advanced-column\">\n<figure class=\"wp-block-image aligncenter size-full is-resized\"><img loading=\"lazy\" decoding=\"async\" width=\"600\" height=\"600\" src=\"https:\/\/la-colline-studio.de\/wp-content\/uploads\/2023\/02\/throwpillow36x36600x-bgf8f8f8-c0120600600.u4.jpg\" alt=\"Bodenkissen mit gelbem Sonnenhut-Muster von LaCollineStudio\" class=\"wp-image-358\" style=\"object-fit:cover;width:350px;height:350px\" srcset=\"https:\/\/la-colline-studio.de\/wp-content\/uploads\/2023\/02\/throwpillow36x36600x-bgf8f8f8-c0120600600.u4.jpg 600w, https:\/\/la-colline-studio.de\/wp-content\/uploads\/2023\/02\/throwpillow36x36600x-bgf8f8f8-c0120600600.u4-300x300.jpg 300w, https:\/\/la-colline-studio.de\/wp-content\/uploads\/2023\/02\/throwpillow36x36600x-bgf8f8f8-c0120600600.u4-150x150.jpg 150w\" sizes=\"auto, (max-width: 600px) 100vw, 600px\" \/><\/figure>\n\n\n\n<h3 id=\"wp-block-themeisle-blocks-advanced-heading-112ba0b0\" class=\"wp-block-themeisle-blocks-advanced-heading wp-block-themeisle-blocks-advanced-heading-112ba0b0\">Musterdesign<\/h3>\n\n\n\n<p class=\"has-text-align-center\">Liebevoll gestaltete Musterkollektionen, die Produkten Charakter verleihen.<br>Von floralen Motiven bis zu minimalistischen Alltagsdesigns entstehen hier Surface Pattern Designs mit nat\u00fcrlicher Leichtigkeit \u2013 ideal f\u00fcr Stoffe, Papeterie und Home-Accessoires.<\/p>\n\n\n\n<p class=\"has-text-align-center\"><\/p>\n\n\n\n<div class=\"wp-block-buttons is-content-justification-center is-layout-flex wp-container-core-buttons-is-layout-a89b3969 wp-block-buttons-is-layout-flex\">\n<div class=\"wp-block-button is-style-primary\"><a class=\"wp-block-button__link wp-element-button\">Portfolio Surface Design<\/a><\/div>\n<\/div>\n<\/div>\n\n\n\n<div id=\"wp-block-themeisle-blocks-advanced-column-07b3d357\" class=\"wp-block-themeisle-blocks-advanced-column\">\n<figure class=\"wp-block-image aligncenter size-full is-resized\"><img loading=\"lazy\" decoding=\"async\" width=\"87\" height=\"80\" src=\"https:\/\/la-colline-studio.de\/wp-content\/uploads\/2025\/10\/Partner_img-2-3.png\" alt=\"\" class=\"wp-image-860\" style=\"object-fit:cover;width:350px;height:350px\" srcset=\"https:\/\/la-colline-studio.de\/wp-content\/uploads\/2025\/10\/Partner_img-2-3.png 87w, https:\/\/la-colline-studio.de\/wp-content\/uploads\/2025\/10\/Partner_img-2-3-13x12.png 13w\" sizes=\"auto, (max-width: 87px) 100vw, 87px\" \/><\/figure>\n\n\n\n<h3 id=\"wp-block-themeisle-blocks-advanced-heading-c1dd424b\" class=\"wp-block-themeisle-blocks-advanced-heading wp-block-themeisle-blocks-advanced-heading-c1dd424b\">Handlettering<\/h3>\n\n\n\n<p class=\"has-text-align-center\">Ausdrucksstark, charmant und handgemacht \u2013 meine Letterings verleihen Worten Pers\u00f6nlichkeit.<br>Ob f\u00fcr Gru\u00dfkarten, Verpackungen oder Branding-Elemente: Jedes Lettering entsteht mit Gef\u00fchl und einem feinen Blick f\u00fcrs Detail.<\/p>\n\n\n\n<p class=\"has-text-align-center\"><\/p>\n\n\n\n<div class=\"wp-block-buttons is-content-justification-center is-layout-flex wp-container-core-buttons-is-layout-a89b3969 wp-block-buttons-is-layout-flex\">\n<div class=\"wp-block-button is-style-primary\"><a class=\"wp-block-button__link wp-element-button\">Portfolio Handlettering<\/a><\/div>\n<\/div>\n<\/div>\n<\/div><\/div>\n\n\n\n<div id=\"wp-block-themeisle-blocks-advanced-columns-9a93df29\" class=\"wp-block-themeisle-blocks-advanced-columns alignfull has-2-columns has-desktop-twoOne-layout has-tablet-equal-layout has-mobile-collapsedRows-layout has-vertical-unset has-vertical-undefined has-light-bg\"><div class=\"wp-block-themeisle-blocks-advanced-columns-overlay\"><\/div><div class=\"innerblocks-wrap\">\n<div id=\"wp-block-themeisle-blocks-advanced-column-03b0b2e4\" class=\"wp-block-themeisle-blocks-advanced-column contact-form alt-btn has-light-bg\">\n<h3 class=\"wp-block-heading has-text-color\" style=\"color:#070731\">Contact me<\/h3>\n\n\n\n<div style=\"height:20px\" aria-hidden=\"true\" class=\"wp-block-spacer\"><\/div>\n\n\n\n<div id=\"wp-block-themeisle-blocks-form-1d595e1c\" class=\"wp-block-themeisle-blocks-form\" data-option-name=\"bf9b28ff82ce323187abc5d0feb0d8f07ecd8436_1d595e1c\"><form class=\"otter-form__container\" action=\"\">\n<div id=\"wp-block-themeisle-blocks-form-input-97dab7e3\" class=\"wp-block-themeisle-blocks-form-input\"><label for=\"wp-block-themeisle-blocks-form-input-97dab7e3-input\" class=\"otter-form-input-label\"><span class=\"otter-form-input-label__label\">NAME<\/span><span class=\"required\">*<\/span><\/label><input type=\"text\" id=\"wp-block-themeisle-blocks-form-input-97dab7e3-input\" required placeholder=\"Your name\" class=\"otter-form-input\"\/><\/div>\n\n\n\n<div id=\"wp-block-themeisle-blocks-form-input-3162a414\" class=\"wp-block-themeisle-blocks-form-input\"><label for=\"wp-block-themeisle-blocks-form-input-3162a414-input\" class=\"otter-form-input-label\"><span class=\"otter-form-input-label__label\">EMAIL<\/span><span class=\"required\">*<\/span><\/label><input type=\"email\" id=\"wp-block-themeisle-blocks-form-input-3162a414-input\" required placeholder=\"Email address\" class=\"otter-form-input\"\/><\/div>\n\n\n<div class=\"protection\" aria-hidden=\"true\"><input type=\"hidden\" id=\"wp-block-themeisle-blocks-form-1d595e1c_nonce_field\" name=\"wp-block-themeisle-blocks-form-1d595e1c_nonce_field\" value=\"c4929064d6\" \/><input type=\"hidden\" name=\"_wp_http_referer\" value=\"\/en\/wp-json\/wp\/v2\/pages\/905\" \/><input class=\"o-anti-bot\" type=\"checkbox\"><\/div><div class=\"wp-block-button\"><button class=\"wp-block-button__link\" type=\"submit\">SEND REQUEST<\/button><\/div><input type=\"hidden\" name=\"trp-form-language\" value=\"en\"\/><\/form><\/div>\n<\/div>\n\n\n\n<div id=\"wp-block-themeisle-blocks-advanced-column-f89ee7f6\" class=\"wp-block-themeisle-blocks-advanced-column has-light-bg\">\n<div style=\"height:40px\" aria-hidden=\"true\" class=\"wp-block-spacer\"><\/div>\n\n\n\n<figure class=\"wp-block-image aligncenter size-full is-resized has-custom-border is-style-default\" style=\"margin-top:0;margin-right:0;margin-bottom:0;margin-left:0\"><img loading=\"lazy\" decoding=\"async\" width=\"1024\" height=\"1024\" src=\"https:\/\/la-colline-studio.de\/wp-content\/uploads\/2025\/10\/Fiona-Hill_La-Colline-Studio.png\" alt=\"\" class=\"wp-image-937\" style=\"border-style:none;border-width:0px;border-radius:0px;object-fit:cover;width:170px;height:170px\" srcset=\"https:\/\/la-colline-studio.de\/wp-content\/uploads\/2025\/10\/Fiona-Hill_La-Colline-Studio.png 1024w, https:\/\/la-colline-studio.de\/wp-content\/uploads\/2025\/10\/Fiona-Hill_La-Colline-Studio-300x300.png 300w, https:\/\/la-colline-studio.de\/wp-content\/uploads\/2025\/10\/Fiona-Hill_La-Colline-Studio-150x150.png 150w, https:\/\/la-colline-studio.de\/wp-content\/uploads\/2025\/10\/Fiona-Hill_La-Colline-Studio-768x768.png 768w, https:\/\/la-colline-studio.de\/wp-content\/uploads\/2025\/10\/Fiona-Hill_La-Colline-Studio-12x12.png 12w\" sizes=\"auto, (max-width: 1024px) 100vw, 1024px\" \/><\/figure>\n\n\n\n<div style=\"height:16px\" aria-hidden=\"true\" class=\"wp-block-spacer\"><\/div>\n\n\n\n<h3 class=\"wp-block-heading has-text-align-center has-text-color\" style=\"color:#070731;margin-top:0px\">Fiona Hill<\/h3>\n\n\n\n<p class=\"has-text-align-center has-text-color\" style=\"color:#070731\">Illustratorin &amp; Surface Designerin<\/p>\n\n\n\n<div id=\"wp-block-themeisle-blocks-icon-list-85d9373e\" class=\"wp-block-themeisle-blocks-icon-list\">\n<div id=\"wp-block-themeisle-blocks-icon-list-item-ed5d4d46\" class=\"wp-block-themeisle-blocks-icon-list-item\"><i class=\"fas fa-phone-alt wp-block-themeisle-blocks-icon-list-item-icon-custom\"><\/i><p class=\"wp-block-themeisle-blocks-icon-list-item-content\">+49 (0)15679073092<\/p><\/div>\n\n\n\n<div id=\"wp-block-themeisle-blocks-icon-list-item-a9903942\" class=\"wp-block-themeisle-blocks-icon-list-item\"><i class=\"fas fa-envelope wp-block-themeisle-blocks-icon-list-item-icon-custom\"><\/i><p class=\"wp-block-themeisle-blocks-icon-list-item-content\">hello@la-colline-studio.de<\/p><\/div>\n<\/div>\n<\/div>\n<\/div><\/div>","protected":false},"excerpt":{"rendered":"","protected":false},"author":1,"featured_media":0,"parent":0,"menu_order":0,"comment_status":"closed","ping_status":"closed","template":"","meta":{"_coblocks_attr":"","_coblocks_dimensions":"","_coblocks_responsive_height":"","_coblocks_accordion_ie_support":"","postBodyCss":"","postBodyMargin":[],"postBodyPadding":[],"postBodyBackground":{"backgroundType":"classic","gradient":""},"_themeisle_gutenberg_block_has_review":false,"footnotes":""},"class_list":["post-905","page","type-page","status-publish","hentry"],"yoast_head":"<!-- This site is optimized with the Yoast SEO plugin v27.4 - https:\/\/yoast.com\/product\/yoast-seo-wordpress\/ -->\n<title>Home - La Colline Studio | Illustration &amp; Design<\/title>\n<meta name=\"description\" content=\"Home - La Colline Studio | Illustration &amp; Design - Studio von Fiona Hill f\u00fcr Illustration, Surface Design und Handlettering aus Deutschland.\" \/>\n<meta name=\"robots\" content=\"index, follow, max-snippet:-1, max-image-preview:large, max-video-preview:-1\" \/>\n<link rel=\"canonical\" href=\"https:\/\/la-colline-studio.de\/en\/\" \/>\n<meta property=\"og:locale\" content=\"en_GB\" \/>\n<meta property=\"og:type\" content=\"article\" \/>\n<meta property=\"og:title\" content=\"Home - La Colline Studio | Illustration &amp; Design\" \/>\n<meta property=\"og:description\" content=\"Home - La Colline Studio | Illustration &amp; Design - Studio von Fiona Hill f\u00fcr Illustration, Surface Design und Handlettering aus Deutschland.\" \/>\n<meta property=\"og:url\" content=\"https:\/\/la-colline-studio.de\/en\/\" \/>\n<meta property=\"og:site_name\" content=\"La Colline Studio | Illustration &amp; Design\" \/>\n<meta property=\"article:modified_time\" content=\"2025-11-15T21:42:27+00:00\" \/>\n<meta property=\"og:image\" content=\"https:\/\/la-colline-studio.de\/wp-content\/uploads\/2022\/10\/Honeybear_Playing_Piano.png\" \/>\n\t<meta property=\"og:image:width\" content=\"4000\" \/>\n\t<meta property=\"og:image:height\" content=\"4000\" \/>\n\t<meta property=\"og:image:type\" content=\"image\/png\" \/>\n<script type=\"application\/ld+json\" class=\"yoast-schema-graph\">{\"@context\":\"https:\\\/\\\/schema.org\",\"@graph\":[{\"@type\":\"WebPage\",\"@id\":\"https:\\\/\\\/la-colline-studio.de\\\/\",\"url\":\"https:\\\/\\\/la-colline-studio.de\\\/\",\"name\":\"Home - La Colline Studio | Illustration &amp; Design\",\"isPartOf\":{\"@id\":\"https:\\\/\\\/la-colline-studio.de\\\/#website\"},\"primaryImageOfPage\":{\"@id\":\"https:\\\/\\\/la-colline-studio.de\\\/#primaryimage\"},\"image\":{\"@id\":\"https:\\\/\\\/la-colline-studio.de\\\/#primaryimage\"},\"thumbnailUrl\":\"https:\\\/\\\/la-colline-studio.de\\\/wp-content\\\/uploads\\\/2022\\\/10\\\/Honeybear_Playing_Piano.png\",\"datePublished\":\"2025-10-21T20:58:38+00:00\",\"dateModified\":\"2025-11-15T21:42:27+00:00\",\"description\":\"Home - La Colline Studio | Illustration &amp; Design - Studio von Fiona Hill f\u00fcr Illustration, Surface Design und Handlettering aus Deutschland.\",\"breadcrumb\":{\"@id\":\"https:\\\/\\\/la-colline-studio.de\\\/#breadcrumb\"},\"inLanguage\":\"en-GB\",\"potentialAction\":[{\"@type\":\"ReadAction\",\"target\":[\"https:\\\/\\\/la-colline-studio.de\\\/\"]}]},{\"@type\":\"ImageObject\",\"inLanguage\":\"en-GB\",\"@id\":\"https:\\\/\\\/la-colline-studio.de\\\/#primaryimage\",\"url\":\"https:\\\/\\\/la-colline-studio.de\\\/wp-content\\\/uploads\\\/2022\\\/10\\\/Honeybear_Playing_Piano.png\",\"contentUrl\":\"https:\\\/\\\/la-colline-studio.de\\\/wp-content\\\/uploads\\\/2022\\\/10\\\/Honeybear_Playing_Piano.png\"},{\"@type\":\"BreadcrumbList\",\"@id\":\"https:\\\/\\\/la-colline-studio.de\\\/#breadcrumb\",\"itemListElement\":[{\"@type\":\"ListItem\",\"position\":1,\"name\":\"Home\",\"item\":\"https:\\\/\\\/la-colline-studio.de\\\/\"},{\"@type\":\"ListItem\",\"position\":2,\"name\":\"Home\"}]},{\"@type\":\"WebSite\",\"@id\":\"https:\\\/\\\/la-colline-studio.de\\\/#website\",\"url\":\"https:\\\/\\\/la-colline-studio.de\\\/\",\"name\":\"La Colline Studio | Illustration &amp; Design\",\"description\":\"Illustration &amp; Surface Design\",\"publisher\":{\"@id\":\"https:\\\/\\\/la-colline-studio.de\\\/#organization\"},\"alternateName\":\"LSC\",\"potentialAction\":[{\"@type\":\"SearchAction\",\"target\":{\"@type\":\"EntryPoint\",\"urlTemplate\":\"https:\\\/\\\/la-colline-studio.de\\\/?s={search_term_string}\"},\"query-input\":{\"@type\":\"PropertyValueSpecification\",\"valueRequired\":true,\"valueName\":\"search_term_string\"}}],\"inLanguage\":\"en-GB\"},{\"@type\":\"Organization\",\"@id\":\"https:\\\/\\\/la-colline-studio.de\\\/#organization\",\"name\":\"La Colline Studio | Illustration & Design\",\"alternateName\":\"LCS\",\"url\":\"https:\\\/\\\/la-colline-studio.de\\\/\",\"logo\":{\"@type\":\"ImageObject\",\"inLanguage\":\"en-GB\",\"@id\":\"https:\\\/\\\/la-colline-studio.de\\\/#\\\/schema\\\/logo\\\/image\\\/\",\"url\":\"https:\\\/\\\/la-colline-studio.de\\\/wp-content\\\/uploads\\\/2023\\\/02\\\/IMG_1285.jpg\",\"contentUrl\":\"https:\\\/\\\/la-colline-studio.de\\\/wp-content\\\/uploads\\\/2023\\\/02\\\/IMG_1285.jpg\",\"width\":1000,\"height\":1000,\"caption\":\"La Colline Studio | Illustration & Design\"},\"image\":{\"@id\":\"https:\\\/\\\/la-colline-studio.de\\\/#\\\/schema\\\/logo\\\/image\\\/\"},\"sameAs\":[\"https:\\\/\\\/www.instagram.com\\\/lacollinestudio\\\/\",\"https:\\\/\\\/www.pinterest.de\\\/LaCollineStudio\\\/\"]}]}<\/script>\n<!-- \/ Yoast SEO plugin. -->","yoast_head_json":{"title":"Home - La Colline Studio | Illustration &amp; Design","description":"Home - La Colline Studio | Illustration &amp; Design - Studio von Fiona Hill f\u00fcr Illustration, Surface Design und Handlettering aus Deutschland.","robots":{"index":"index","follow":"follow","max-snippet":"max-snippet:-1","max-image-preview":"max-image-preview:large","max-video-preview":"max-video-preview:-1"},"canonical":"https:\/\/la-colline-studio.de\/en\/","og_locale":"en_GB","og_type":"article","og_title":"Home - La Colline Studio | Illustration &amp; Design","og_description":"Home - La Colline Studio | Illustration &amp; Design - Studio von Fiona Hill f\u00fcr Illustration, Surface Design und Handlettering aus Deutschland.","og_url":"https:\/\/la-colline-studio.de\/en\/","og_site_name":"La Colline Studio | Illustration &amp; Design","article_modified_time":"2025-11-15T21:42:27+00:00","og_image":[{"width":4000,"height":4000,"url":"https:\/\/la-colline-studio.de\/wp-content\/uploads\/2022\/10\/Honeybear_Playing_Piano.png","type":"image\/png"}],"schema":{"@context":"https:\/\/schema.org","@graph":[{"@type":"WebPage","@id":"https:\/\/la-colline-studio.de\/","url":"https:\/\/la-colline-studio.de\/","name":"Home - La Colline Studio | Illustration &amp; Design","isPartOf":{"@id":"https:\/\/la-colline-studio.de\/#website"},"primaryImageOfPage":{"@id":"https:\/\/la-colline-studio.de\/#primaryimage"},"image":{"@id":"https:\/\/la-colline-studio.de\/#primaryimage"},"thumbnailUrl":"https:\/\/la-colline-studio.de\/wp-content\/uploads\/2022\/10\/Honeybear_Playing_Piano.png","datePublished":"2025-10-21T20:58:38+00:00","dateModified":"2025-11-15T21:42:27+00:00","description":"Home - La Colline Studio | Illustration &amp; Design - Studio von Fiona Hill f\u00fcr Illustration, Surface Design und Handlettering aus Deutschland.","breadcrumb":{"@id":"https:\/\/la-colline-studio.de\/#breadcrumb"},"inLanguage":"en-GB","potentialAction":[{"@type":"ReadAction","target":["https:\/\/la-colline-studio.de\/"]}]},{"@type":"ImageObject","inLanguage":"en-GB","@id":"https:\/\/la-colline-studio.de\/#primaryimage","url":"https:\/\/la-colline-studio.de\/wp-content\/uploads\/2022\/10\/Honeybear_Playing_Piano.png","contentUrl":"https:\/\/la-colline-studio.de\/wp-content\/uploads\/2022\/10\/Honeybear_Playing_Piano.png"},{"@type":"BreadcrumbList","@id":"https:\/\/la-colline-studio.de\/#breadcrumb","itemListElement":[{"@type":"ListItem","position":1,"name":"Home","item":"https:\/\/la-colline-studio.de\/"},{"@type":"ListItem","position":2,"name":"Home"}]},{"@type":"WebSite","@id":"https:\/\/la-colline-studio.de\/#website","url":"https:\/\/la-colline-studio.de\/","name":"La Colline Studio | Illustration &amp; Design","description":"Illustration &amp; Surface Design","publisher":{"@id":"https:\/\/la-colline-studio.de\/#organization"},"alternateName":"LSC","potentialAction":[{"@type":"SearchAction","target":{"@type":"EntryPoint","urlTemplate":"https:\/\/la-colline-studio.de\/?s={search_term_string}"},"query-input":{"@type":"PropertyValueSpecification","valueRequired":true,"valueName":"search_term_string"}}],"inLanguage":"en-GB"},{"@type":"Organization","@id":"https:\/\/la-colline-studio.de\/#organization","name":"La Colline Studio | Illustration & Design","alternateName":"LCS","url":"https:\/\/la-colline-studio.de\/","logo":{"@type":"ImageObject","inLanguage":"en-GB","@id":"https:\/\/la-colline-studio.de\/#\/schema\/logo\/image\/","url":"https:\/\/la-colline-studio.de\/wp-content\/uploads\/2023\/02\/IMG_1285.jpg","contentUrl":"https:\/\/la-colline-studio.de\/wp-content\/uploads\/2023\/02\/IMG_1285.jpg","width":1000,"height":1000,"caption":"La Colline Studio | Illustration & Design"},"image":{"@id":"https:\/\/la-colline-studio.de\/#\/schema\/logo\/image\/"},"sameAs":["https:\/\/www.instagram.com\/lacollinestudio\/","https:\/\/www.pinterest.de\/LaCollineStudio\/"]}]}},"_links":{"self":[{"href":"https:\/\/la-colline-studio.de\/en\/wp-json\/wp\/v2\/pages\/905","targetHints":{"allow":["GET"]}}],"collection":[{"href":"https:\/\/la-colline-studio.de\/en\/wp-json\/wp\/v2\/pages"}],"about":[{"href":"https:\/\/la-colline-studio.de\/en\/wp-json\/wp\/v2\/types\/page"}],"author":[{"embeddable":true,"href":"https:\/\/la-colline-studio.de\/en\/wp-json\/wp\/v2\/users\/1"}],"replies":[{"embeddable":true,"href":"https:\/\/la-colline-studio.de\/en\/wp-json\/wp\/v2\/comments?post=905"}],"version-history":[{"count":23,"href":"https:\/\/la-colline-studio.de\/en\/wp-json\/wp\/v2\/pages\/905\/revisions"}],"predecessor-version":[{"id":1140,"href":"https:\/\/la-colline-studio.de\/en\/wp-json\/wp\/v2\/pages\/905\/revisions\/1140"}],"wp:attachment":[{"href":"https:\/\/la-colline-studio.de\/en\/wp-json\/wp\/v2\/media?parent=905"}],"curies":[{"name":"wp","href":"https:\/\/api.w.org\/{rel}","templated":true}]}}