{"id":491,"date":"2023-06-29T21:57:59","date_gmt":"2023-06-29T20:57:59","guid":{"rendered":"https:\/\/la-colline-studio.de\/?page_id=491"},"modified":"2025-11-07T00:02:21","modified_gmt":"2025-11-06T23:02:21","slug":"portfolio","status":"publish","type":"page","link":"https:\/\/la-colline-studio.de\/en\/portfolio\/","title":{"rendered":"Portfolio"},"content":{"rendered":"<h2>Portfolio<\/h2>\n<h3>Available soon<\/h3>\n<p>\t\t\t<a href=\"mailto:hello@la-colline-studio.de\"><br \/>\n\t\t\t\t\t\tContact me<br \/>\n\t\t\t\t\t<\/a><br \/>\n\t\t\t<a href=\"mailto:hello@la-colline-studio.de\"><br \/>\n\t\t\t\t\t\tContact me<br \/>\n\t\t\t\t\t<\/a><\/p>\n<h2>Images say more than a thousand words<\/h2>\n<figure><img decoding=\"async\" src=\"https:\/\/la-colline-studio.de\/wp-content\/uploads\/2023\/02\/throwpillow36x36600x-bgf8f8f8-c0120600600.u4-300x300.jpg\" alt=\"Bodenkissen mit gelbem Sonnenhut-Muster von LaCollineStudio\" \/><\/figure>\n<figure><img decoding=\"async\" src=\"https:\/\/la-colline-studio.de\/wp-content\/uploads\/2023\/02\/Gillyflowers-in-rain-min-300x300.png\" alt=\"Gillyflowers in the rain\" \/><\/figure>\n<figure><img decoding=\"async\" src=\"https:\/\/la-colline-studio.de\/wp-content\/uploads\/2023\/02\/Irish-Clover-Pattern-St.-Patricks-Day-Wallpaper-Spoonflower-300x300.png\" alt=\"Art Nouveau Kleeblatt Muster\" \/><\/figure>\n<figure><img decoding=\"async\" src=\"https:\/\/la-colline-studio.de\/wp-content\/uploads\/2023\/02\/Lots-of-love-Pattern-min-300x300.png\" alt=\"Lots of Love Pattern\" \/><\/figure>\n<figure><img decoding=\"async\" src=\"https:\/\/la-colline-studio.de\/wp-content\/uploads\/2023\/06\/LaCollineStudio-Redbubble-Bluehende-Erdbeeren-in-Pfirsichfarben-300x300.jpg\" alt=\"LaCollineStudio - Redbubble - Bluehende Erdbeeren in Pfirsichfarben\" \/><\/figure>\n<p>\t\t\t\t\t\t\t\t\t\t\t<img decoding=\"async\" width=\"999\" height=\"1000\" src=\"https:\/\/la-colline-studio.de\/wp-content\/uploads\/2023\/06\/LaCollineStudio-Nelkenmuster-Kissen-Redbubble-min.jpg\" alt=\"\" loading=\"lazy\" srcset=\"https:\/\/la-colline-studio.de\/wp-content\/uploads\/2023\/06\/LaCollineStudio-Nelkenmuster-Kissen-Redbubble-min.jpg 999w, https:\/\/la-colline-studio.de\/wp-content\/uploads\/2023\/06\/LaCollineStudio-Nelkenmuster-Kissen-Redbubble-min-300x300.jpg 300w, https:\/\/la-colline-studio.de\/wp-content\/uploads\/2023\/06\/LaCollineStudio-Nelkenmuster-Kissen-Redbubble-min-150x150.jpg 150w, https:\/\/la-colline-studio.de\/wp-content\/uploads\/2023\/06\/LaCollineStudio-Nelkenmuster-Kissen-Redbubble-min-768x769.jpg 768w, https:\/\/la-colline-studio.de\/wp-content\/uploads\/2023\/06\/LaCollineStudio-Nelkenmuster-Kissen-Redbubble-min-600x600.jpg 600w, https:\/\/la-colline-studio.de\/wp-content\/uploads\/2023\/06\/elementor\/thumbs\/LaCollineStudio-Nelkenmuster-Kissen-Redbubble-min-q8qcafokqs71r0uzyffql8xedse9ofje9oe7kny7xc.jpg 400w\" sizes=\"auto, (max-width: 999px) 100vw, 999px\" \/><br \/>\n\t\t\t\t\t\t\t\t\t\t\t<img decoding=\"async\" width=\"1469\" height=\"1470\" src=\"https:\/\/la-colline-studio.de\/wp-content\/uploads\/2023\/02\/Lots-of-love-Pattern-min.png\" alt=\"\" loading=\"lazy\" srcset=\"https:\/\/la-colline-studio.de\/wp-content\/uploads\/2023\/02\/Lots-of-love-Pattern-min.png 1469w, https:\/\/la-colline-studio.de\/wp-content\/uploads\/2023\/02\/Lots-of-love-Pattern-min-300x300.png 300w, https:\/\/la-colline-studio.de\/wp-content\/uploads\/2023\/02\/Lots-of-love-Pattern-min-1024x1024.png 1024w, https:\/\/la-colline-studio.de\/wp-content\/uploads\/2023\/02\/Lots-of-love-Pattern-min-150x150.png 150w, https:\/\/la-colline-studio.de\/wp-content\/uploads\/2023\/02\/Lots-of-love-Pattern-min-768x769.png 768w, https:\/\/la-colline-studio.de\/wp-content\/uploads\/2023\/02\/Lots-of-love-Pattern-min-600x600.png 600w\" sizes=\"auto, (max-width: 1469px) 100vw, 1469px\" \/><br \/>\n\t\t\t\t\t\t\t\t\t\t\t<img decoding=\"async\" width=\"1465\" height=\"1465\" src=\"https:\/\/la-colline-studio.de\/wp-content\/uploads\/2023\/02\/Gillyflowers-in-rain-min.png\" alt=\"\" loading=\"lazy\" srcset=\"https:\/\/la-colline-studio.de\/wp-content\/uploads\/2023\/02\/Gillyflowers-in-rain-min.png 1465w, https:\/\/la-colline-studio.de\/wp-content\/uploads\/2023\/02\/Gillyflowers-in-rain-min-300x300.png 300w, https:\/\/la-colline-studio.de\/wp-content\/uploads\/2023\/02\/Gillyflowers-in-rain-min-1024x1024.png 1024w, https:\/\/la-colline-studio.de\/wp-content\/uploads\/2023\/02\/Gillyflowers-in-rain-min-150x150.png 150w, https:\/\/la-colline-studio.de\/wp-content\/uploads\/2023\/02\/Gillyflowers-in-rain-min-768x768.png 768w, https:\/\/la-colline-studio.de\/wp-content\/uploads\/2023\/02\/Gillyflowers-in-rain-min-600x600.png 600w\" sizes=\"auto, (max-width: 1465px) 100vw, 1465px\" \/><br \/>\n\t\t\t\t\t\t\t\t\t\t\t<img decoding=\"async\" width=\"1464\" height=\"1465\" src=\"https:\/\/la-colline-studio.de\/wp-content\/uploads\/2023\/02\/Midnight-Tendril-1-min.png\" alt=\"\" loading=\"lazy\" srcset=\"https:\/\/la-colline-studio.de\/wp-content\/uploads\/2023\/02\/Midnight-Tendril-1-min.png 1464w, https:\/\/la-colline-studio.de\/wp-content\/uploads\/2023\/02\/Midnight-Tendril-1-min-300x300.png 300w, https:\/\/la-colline-studio.de\/wp-content\/uploads\/2023\/02\/Midnight-Tendril-1-min-1024x1024.png 1024w, https:\/\/la-colline-studio.de\/wp-content\/uploads\/2023\/02\/Midnight-Tendril-1-min-150x150.png 150w, https:\/\/la-colline-studio.de\/wp-content\/uploads\/2023\/02\/Midnight-Tendril-1-min-768x769.png 768w, https:\/\/la-colline-studio.de\/wp-content\/uploads\/2023\/02\/Midnight-Tendril-1-min-600x600.png 600w\" sizes=\"auto, (max-width: 1464px) 100vw, 1464px\" \/><br \/>\n\t\t\t\t\t\t\t\t\t\t\t<img decoding=\"async\" width=\"1000\" height=\"1000\" src=\"https:\/\/la-colline-studio.de\/wp-content\/uploads\/2023\/06\/LaCollineStudio-Redbubble-Bluehende-Erdbeeren-in-Pfirsichfarben.jpg\" alt=\"\" loading=\"lazy\" srcset=\"https:\/\/la-colline-studio.de\/wp-content\/uploads\/2023\/06\/LaCollineStudio-Redbubble-Bluehende-Erdbeeren-in-Pfirsichfarben.jpg 1000w, https:\/\/la-colline-studio.de\/wp-content\/uploads\/2023\/06\/LaCollineStudio-Redbubble-Bluehende-Erdbeeren-in-Pfirsichfarben-300x300.jpg 300w, https:\/\/la-colline-studio.de\/wp-content\/uploads\/2023\/06\/LaCollineStudio-Redbubble-Bluehende-Erdbeeren-in-Pfirsichfarben-150x150.jpg 150w, https:\/\/la-colline-studio.de\/wp-content\/uploads\/2023\/06\/LaCollineStudio-Redbubble-Bluehende-Erdbeeren-in-Pfirsichfarben-768x768.jpg 768w, https:\/\/la-colline-studio.de\/wp-content\/uploads\/2023\/06\/LaCollineStudio-Redbubble-Bluehende-Erdbeeren-in-Pfirsichfarben-600x600.jpg 600w, https:\/\/la-colline-studio.de\/wp-content\/uploads\/2023\/06\/elementor\/thumbs\/LaCollineStudio-Redbubble-Bluehende-Erdbeeren-in-Pfirsichfarben-q8omt0cd8g6kblzht5vilaqo4k3az7e2a8hfarti1s.jpg 400w\" sizes=\"auto, (max-width: 1000px) 100vw, 1000px\" \/><br \/>\n            <!-- .elementskit-clients-slider END --><\/p>\n<ul><\/ul>\n<p>My portfolio is currently still a work in progress. Nevertheless, some of my designs are already available on popular POD platforms like Redbubble and Spoonflower, but by far not all. If you are interested in seeing one of my designs on the POD sites, I'd be happy to hear from you via email at:<br \/><b> <\/b><a href=\"mailto:hello@la-colline-studio.de\" target=\"_blank\" rel=\"noopener\"><b><br \/>hello@la-colline-studio.de<\/b><\/a><\/p>\n<p>Please do not hesitate to contact me for further information and enquiries.<\/p>\n<p>\t\t\t<a href=\"https:\/\/la-colline-studio.de\/en\/shop\/\"><br \/>\n\t\t\t\t\t\tShop Overview<br \/>\n\t\t\t\t\t<\/a><br \/>\n\t\t\t<a href=\"https:\/\/la-colline-studio.de\/en\/shop\/\"><br \/>\n\t\t\t\t\t\tShop Overview<br \/>\n\t\t\t\t\t<\/a><\/p>\n<figure><a href=\"https:\/\/www.instagram.com\/lacollinestudio\/\"><img decoding=\"async\" width=\"300\" height=\"300\" src=\"https:\/\/la-colline-studio.de\/wp-content\/uploads\/2023\/06\/LaCollineStudio-Inhaberin-Fiona-Hill-300x300.jpg\" alt=\"\" loading=\"lazy\" \/><\/a><\/figure>\n<h3><a href=\"https:\/\/www.instagram.com\/lacollinestudio\/\">Fiona Hill<\/a><\/h3>\n<p>Illustratorin &#038; Surface Designer<\/p>\n<p>\t\t\t\t\t<a href=\"https:\/\/www.instagram.com\/lacollinestudio\/\" target=\"_blank\" rel=\"noopener\"><br \/>\n\t\t\t\t\t\tInstagram<br \/>\n\t\t\t\t\t\t\t\t\t\t\t<\/a><br \/>\n\t\t\t\t\t<a href=\"https:\/\/pin.it\/3dxz7WX\" target=\"_blank\" rel=\"noopener\"><br \/>\n\t\t\t\t\t\tPinterest<br \/>\n\t\t\t\t\t\t\t\t\t\t\t<\/a><br \/>\n\t\t\t\t\t<a href=\"mailto:hello@la-colline-studio.de\" target=\"_blank\" rel=\"noopener\"><br \/>\n\t\t\t\t\t\tEnvelope<br \/>\n\t\t\t\t\t\t\t\t\t\t\t<\/a><\/p>\n<p>All illustrations and designs that I create for my brand \"La Colline Studio\" are created by me personally with a lot of love. They are colourful, lively and unique. <br \/>That's exactly what I want to do to make your everyday life a little more beautiful.<\/p>\n<p>If you have any questions, the best way to contact me is by e-mail<br \/><a href=\"mailto:hello@la-colline-studio.de\"><b>hello@la-colline-studio.de<\/b><\/a><\/p>\n<figure><a href=\"https:\/\/www.instagram.com\/lacollinestudio\/\"><img decoding=\"async\" width=\"150\" height=\"150\" src=\"https:\/\/la-colline-studio.de\/wp-content\/uploads\/2023\/06\/LaCollineStudio-Inhaberin-Fiona-Hill-150x150.jpg\" alt=\"\" loading=\"lazy\" \/><\/a><\/figure>\n<h3><a href=\"https:\/\/www.instagram.com\/lacollinestudio\/\">Fiona Hill<\/a><\/h3>\n<p>Illustratorin &#038; Surface Designer<\/p>\n<p>Found what you're looking for? Feel free to share your experience with me and the world! <\/p>\n<p>I'm happy if you share a photo of your product on Instagram, Pinterest or by email and link to me. Feel free to use my hashtag <b>#lacollinestudio<\/b> or my Instagram handle<b> @LaCollineStudio<\/b>.<\/p>\n<p>If you have any questions, the best way to contact me is by e-mail<br \/><a href=\"mailto:hello@la-colline-studio.de\"><b>hello@la-colline-studio.de<\/b><\/a><\/p>\n<p>\t\t\t\t\t<a href=\"https:\/\/www.instagram.com\/lacollinestudio\/\" target=\"_blank\" rel=\"noopener\"><br \/>\n\t\t\t\t\t\tInstagram<br \/>\n\t\t\t\t\t\t\t\t\t\t\t<\/a><br \/>\n\t\t\t\t\t<a href=\"https:\/\/pin.it\/4NoVCK3\" target=\"_blank\" rel=\"noopener\"><br \/>\n\t\t\t\t\t\tPinterest<br \/>\n\t\t\t\t\t\t\t\t\t\t\t<\/a><br \/>\n\t\t\t\t\t<a href=\"mailto:hello@la-colline-studio.de\" target=\"_blank\" rel=\"noopener\"><br \/>\n\t\t\t\t\t\tEnvelope<br \/>\n\t\t\t\t\t\t\t\t\t\t\t<\/a><\/p>","protected":false},"excerpt":{"rendered":"<p>Portfolio In K\u00fcrze verf\u00fcgbar Kontaktiere mich Kontaktiere mich Bilder sagen mehr als tausend Worte Mein Portfolio befindet sich derzeit noch in Arbeit. Dennoch sind einige meiner Designs bereits auf beliebten POD-Plattformen wie Redbubble und Spoonflower verf\u00fcgbar, aber l\u00e4ngst nicht alle. Falls du Interesse an einem meiner Designs auf den POD-Seiten hast, freue ich mich \u00fcber [&hellip;]<\/p>\n","protected":false},"author":1,"featured_media":0,"parent":0,"menu_order":0,"comment_status":"closed","ping_status":"closed","template":"wp-custom-template-portfolio","meta":{"_coblocks_attr":"","_coblocks_dimensions":"","_coblocks_responsive_height":"","_coblocks_accordion_ie_support":"","postBodyCss":"","postBodyMargin":[],"postBodyPadding":[],"postBodyBackground":{"backgroundType":"classic","gradient":""},"_themeisle_gutenberg_block_has_review":false,"footnotes":""},"class_list":["post-491","page","type-page","status-publish","hentry"],"yoast_head":"<!-- This site is optimized with the Yoast SEO plugin v27.4 - https:\/\/yoast.com\/product\/yoast-seo-wordpress\/ -->\n<title>Portfolio | La Colline Studio | Illustration &amp; Design<\/title>\n<meta name=\"description\" content=\"Portfolio | La Colline Studio | Illustration &amp; Design\" \/>\n<meta name=\"robots\" content=\"index, follow, max-snippet:-1, max-image-preview:large, max-video-preview:-1\" \/>\n<link rel=\"canonical\" href=\"https:\/\/la-colline-studio.de\/en\/portfolio\/\" \/>\n<meta property=\"og:locale\" content=\"en_GB\" \/>\n<meta property=\"og:type\" content=\"article\" \/>\n<meta property=\"og:title\" content=\"Portfolio | La Colline Studio | Illustration &amp; Design\" \/>\n<meta property=\"og:description\" content=\"Portfolio | La Colline Studio | Illustration &amp; Design\" \/>\n<meta property=\"og:url\" content=\"https:\/\/la-colline-studio.de\/en\/portfolio\/\" \/>\n<meta property=\"og:site_name\" content=\"La Colline Studio | Illustration &amp; Design\" \/>\n<meta property=\"article:modified_time\" content=\"2025-11-06T23:02:21+00:00\" \/>\n<meta property=\"og:image\" content=\"https:\/\/la-colline-studio.de\/wp-content\/uploads\/2023\/02\/throwpillow36x36600x-bgf8f8f8-c0120600600.u4-300x300.jpg\" \/>\n<script type=\"application\/ld+json\" class=\"yoast-schema-graph\">{\"@context\":\"https:\\\/\\\/schema.org\",\"@graph\":[{\"@type\":\"WebPage\",\"@id\":\"https:\\\/\\\/la-colline-studio.de\\\/portfolio\\\/\",\"url\":\"https:\\\/\\\/la-colline-studio.de\\\/portfolio\\\/\",\"name\":\"Portfolio | La Colline Studio | Illustration &amp; Design\",\"isPartOf\":{\"@id\":\"https:\\\/\\\/la-colline-studio.de\\\/#website\"},\"primaryImageOfPage\":{\"@id\":\"https:\\\/\\\/la-colline-studio.de\\\/portfolio\\\/#primaryimage\"},\"image\":{\"@id\":\"https:\\\/\\\/la-colline-studio.de\\\/portfolio\\\/#primaryimage\"},\"thumbnailUrl\":\"https:\\\/\\\/la-colline-studio.de\\\/wp-content\\\/uploads\\\/2023\\\/02\\\/throwpillow36x36600x-bgf8f8f8-c0120600600.u4-300x300.jpg\",\"datePublished\":\"2023-06-29T20:57:59+00:00\",\"dateModified\":\"2025-11-06T23:02:21+00:00\",\"description\":\"Portfolio | La Colline Studio | Illustration &amp; Design\",\"breadcrumb\":{\"@id\":\"https:\\\/\\\/la-colline-studio.de\\\/portfolio\\\/#breadcrumb\"},\"inLanguage\":\"en-GB\",\"potentialAction\":[{\"@type\":\"ReadAction\",\"target\":[\"https:\\\/\\\/la-colline-studio.de\\\/portfolio\\\/\"]}]},{\"@type\":\"ImageObject\",\"inLanguage\":\"en-GB\",\"@id\":\"https:\\\/\\\/la-colline-studio.de\\\/portfolio\\\/#primaryimage\",\"url\":\"https:\\\/\\\/la-colline-studio.de\\\/wp-content\\\/uploads\\\/2023\\\/02\\\/throwpillow36x36600x-bgf8f8f8-c0120600600.u4-300x300.jpg\",\"contentUrl\":\"https:\\\/\\\/la-colline-studio.de\\\/wp-content\\\/uploads\\\/2023\\\/02\\\/throwpillow36x36600x-bgf8f8f8-c0120600600.u4-300x300.jpg\"},{\"@type\":\"BreadcrumbList\",\"@id\":\"https:\\\/\\\/la-colline-studio.de\\\/portfolio\\\/#breadcrumb\",\"itemListElement\":[{\"@type\":\"ListItem\",\"position\":1,\"name\":\"Home\",\"item\":\"https:\\\/\\\/la-colline-studio.de\\\/\"},{\"@type\":\"ListItem\",\"position\":2,\"name\":\"Portfolio\"}]},{\"@type\":\"WebSite\",\"@id\":\"https:\\\/\\\/la-colline-studio.de\\\/#website\",\"url\":\"https:\\\/\\\/la-colline-studio.de\\\/\",\"name\":\"La Colline Studio | Illustration &amp; Design\",\"description\":\"Illustration &amp; Surface Design\",\"publisher\":{\"@id\":\"https:\\\/\\\/la-colline-studio.de\\\/#organization\"},\"alternateName\":\"LSC\",\"potentialAction\":[{\"@type\":\"SearchAction\",\"target\":{\"@type\":\"EntryPoint\",\"urlTemplate\":\"https:\\\/\\\/la-colline-studio.de\\\/?s={search_term_string}\"},\"query-input\":{\"@type\":\"PropertyValueSpecification\",\"valueRequired\":true,\"valueName\":\"search_term_string\"}}],\"inLanguage\":\"en-GB\"},{\"@type\":\"Organization\",\"@id\":\"https:\\\/\\\/la-colline-studio.de\\\/#organization\",\"name\":\"La Colline Studio | Illustration & Design\",\"alternateName\":\"LCS\",\"url\":\"https:\\\/\\\/la-colline-studio.de\\\/\",\"logo\":{\"@type\":\"ImageObject\",\"inLanguage\":\"en-GB\",\"@id\":\"https:\\\/\\\/la-colline-studio.de\\\/#\\\/schema\\\/logo\\\/image\\\/\",\"url\":\"https:\\\/\\\/la-colline-studio.de\\\/wp-content\\\/uploads\\\/2023\\\/02\\\/IMG_1285.jpg\",\"contentUrl\":\"https:\\\/\\\/la-colline-studio.de\\\/wp-content\\\/uploads\\\/2023\\\/02\\\/IMG_1285.jpg\",\"width\":1000,\"height\":1000,\"caption\":\"La Colline Studio | Illustration & Design\"},\"image\":{\"@id\":\"https:\\\/\\\/la-colline-studio.de\\\/#\\\/schema\\\/logo\\\/image\\\/\"},\"sameAs\":[\"https:\\\/\\\/www.instagram.com\\\/lacollinestudio\\\/\",\"https:\\\/\\\/www.pinterest.de\\\/LaCollineStudio\\\/\"]}]}<\/script>\n<!-- \/ Yoast SEO plugin. -->","yoast_head_json":{"title":"Portfolio | La Colline Studio | Illustration &amp; Design","description":"Portfolio | La Colline Studio | Illustration &amp; Design","robots":{"index":"index","follow":"follow","max-snippet":"max-snippet:-1","max-image-preview":"max-image-preview:large","max-video-preview":"max-video-preview:-1"},"canonical":"https:\/\/la-colline-studio.de\/en\/portfolio\/","og_locale":"en_GB","og_type":"article","og_title":"Portfolio | La Colline Studio | Illustration &amp; Design","og_description":"Portfolio | La Colline Studio | Illustration &amp; Design","og_url":"https:\/\/la-colline-studio.de\/en\/portfolio\/","og_site_name":"La Colline Studio | Illustration &amp; Design","article_modified_time":"2025-11-06T23:02:21+00:00","og_image":[{"url":"https:\/\/la-colline-studio.de\/wp-content\/uploads\/2023\/02\/throwpillow36x36600x-bgf8f8f8-c0120600600.u4-300x300.jpg","type":"","width":"","height":""}],"schema":{"@context":"https:\/\/schema.org","@graph":[{"@type":"WebPage","@id":"https:\/\/la-colline-studio.de\/portfolio\/","url":"https:\/\/la-colline-studio.de\/portfolio\/","name":"Portfolio | La Colline Studio | Illustration &amp; Design","isPartOf":{"@id":"https:\/\/la-colline-studio.de\/#website"},"primaryImageOfPage":{"@id":"https:\/\/la-colline-studio.de\/portfolio\/#primaryimage"},"image":{"@id":"https:\/\/la-colline-studio.de\/portfolio\/#primaryimage"},"thumbnailUrl":"https:\/\/la-colline-studio.de\/wp-content\/uploads\/2023\/02\/throwpillow36x36600x-bgf8f8f8-c0120600600.u4-300x300.jpg","datePublished":"2023-06-29T20:57:59+00:00","dateModified":"2025-11-06T23:02:21+00:00","description":"Portfolio | La Colline Studio | Illustration &amp; Design","breadcrumb":{"@id":"https:\/\/la-colline-studio.de\/portfolio\/#breadcrumb"},"inLanguage":"en-GB","potentialAction":[{"@type":"ReadAction","target":["https:\/\/la-colline-studio.de\/portfolio\/"]}]},{"@type":"ImageObject","inLanguage":"en-GB","@id":"https:\/\/la-colline-studio.de\/portfolio\/#primaryimage","url":"https:\/\/la-colline-studio.de\/wp-content\/uploads\/2023\/02\/throwpillow36x36600x-bgf8f8f8-c0120600600.u4-300x300.jpg","contentUrl":"https:\/\/la-colline-studio.de\/wp-content\/uploads\/2023\/02\/throwpillow36x36600x-bgf8f8f8-c0120600600.u4-300x300.jpg"},{"@type":"BreadcrumbList","@id":"https:\/\/la-colline-studio.de\/portfolio\/#breadcrumb","itemListElement":[{"@type":"ListItem","position":1,"name":"Home","item":"https:\/\/la-colline-studio.de\/"},{"@type":"ListItem","position":2,"name":"Portfolio"}]},{"@type":"WebSite","@id":"https:\/\/la-colline-studio.de\/#website","url":"https:\/\/la-colline-studio.de\/","name":"La Colline Studio | Illustration &amp; Design","description":"Illustration &amp; Surface Design","publisher":{"@id":"https:\/\/la-colline-studio.de\/#organization"},"alternateName":"LSC","potentialAction":[{"@type":"SearchAction","target":{"@type":"EntryPoint","urlTemplate":"https:\/\/la-colline-studio.de\/?s={search_term_string}"},"query-input":{"@type":"PropertyValueSpecification","valueRequired":true,"valueName":"search_term_string"}}],"inLanguage":"en-GB"},{"@type":"Organization","@id":"https:\/\/la-colline-studio.de\/#organization","name":"La Colline Studio | Illustration & Design","alternateName":"LCS","url":"https:\/\/la-colline-studio.de\/","logo":{"@type":"ImageObject","inLanguage":"en-GB","@id":"https:\/\/la-colline-studio.de\/#\/schema\/logo\/image\/","url":"https:\/\/la-colline-studio.de\/wp-content\/uploads\/2023\/02\/IMG_1285.jpg","contentUrl":"https:\/\/la-colline-studio.de\/wp-content\/uploads\/2023\/02\/IMG_1285.jpg","width":1000,"height":1000,"caption":"La Colline Studio | Illustration & Design"},"image":{"@id":"https:\/\/la-colline-studio.de\/#\/schema\/logo\/image\/"},"sameAs":["https:\/\/www.instagram.com\/lacollinestudio\/","https:\/\/www.pinterest.de\/LaCollineStudio\/"]}]}},"_links":{"self":[{"href":"https:\/\/la-colline-studio.de\/en\/wp-json\/wp\/v2\/pages\/491","targetHints":{"allow":["GET"]}}],"collection":[{"href":"https:\/\/la-colline-studio.de\/en\/wp-json\/wp\/v2\/pages"}],"about":[{"href":"https:\/\/la-colline-studio.de\/en\/wp-json\/wp\/v2\/types\/page"}],"author":[{"embeddable":true,"href":"https:\/\/la-colline-studio.de\/en\/wp-json\/wp\/v2\/users\/1"}],"replies":[{"embeddable":true,"href":"https:\/\/la-colline-studio.de\/en\/wp-json\/wp\/v2\/comments?post=491"}],"version-history":[{"count":16,"href":"https:\/\/la-colline-studio.de\/en\/wp-json\/wp\/v2\/pages\/491\/revisions"}],"predecessor-version":[{"id":676,"href":"https:\/\/la-colline-studio.de\/en\/wp-json\/wp\/v2\/pages\/491\/revisions\/676"}],"wp:attachment":[{"href":"https:\/\/la-colline-studio.de\/en\/wp-json\/wp\/v2\/media?parent=491"}],"curies":[{"name":"wp","href":"https:\/\/api.w.org\/{rel}","templated":true}]}}